{"id":9,"date":"2016-03-24T14:16:23","date_gmt":"2016-03-24T13:16:23","guid":{"rendered":"http:\/\/www.oefw.at\/?page_id=9"},"modified":"2018-09-26T12:13:04","modified_gmt":"2018-09-26T10:13:04","slug":"leistungen","status":"publish","type":"page","link":"https:\/\/www.oefw.at\/index.php\/leistungen\/","title":{"rendered":"Leistungen"},"content":{"rendered":"<p><img loading=\"lazy\" decoding=\"async\" class=\"alignnone size-full wp-image-38\" src=\"https:\/\/www.oefw.at\/wp-content\/uploads\/2016\/04\/leistungenueberschrift.jpg\" alt=\"Leistungen - Titelbild\" width=\"960\" height=\"80\" \/><\/p>\n<p>\u00d6FW \u00d6ffentlichkeitsarbeit Fischer Wolfgang aus Wels bietet seit Jahren B\u00e4ckereien, Fleischereien und Apotheken in O\u00d6., Salzburg, Steiermark, N\u00d6., Wien, Burgenland und Bayern kostenlose Seitenfaltens\u00e4cke f\u00fcr den t\u00e4glichen Gebrauch an.<\/p>\n<p>Neben unserem offiziellen Kooperationspartner DEBRA Austria \u2013 Hilfe f\u00fcr Schmetterlingskinder werden nach Fertigstellung und Vermarktung der einzelnen B\u00e4cker- und Fleischersackerl sowie Apothekertaschen jeweils soziale Einrichtungen durch die \u00d6FW unterst\u00fctzt.<\/p>\n<p><strong>Unsere Philosophie<\/strong><\/p>\n<p>Wir vereinen Tradition mit Innovation und unterst\u00fctzen die typisch \u00f6sterreichische und bayrische Tradition der B\u00e4cker und Fleischer und zugleich soziale Projekte und Einrichtungen.<\/p>\n<p>&nbsp;<\/p>\n<p><img loading=\"lazy\" decoding=\"async\" class=\"aligncenter size-full wp-image-116\" style=\"border: 0px solid #ddd;\" src=\"https:\/\/www.oefw.at\/wp-content\/uploads\/2016\/03\/Produkte_online.jpg\" alt=\"Unsere Produkte\" width=\"872\" height=\"680\" srcset=\"https:\/\/www.oefw.at\/wp-content\/uploads\/2016\/03\/Produkte_online.jpg 872w, https:\/\/www.oefw.at\/wp-content\/uploads\/2016\/03\/Produkte_online-300x234.jpg 300w, https:\/\/www.oefw.at\/wp-content\/uploads\/2016\/03\/Produkte_online-768x599.jpg 768w\" sizes=\"(max-width: 872px) 100vw, 872px\" \/><\/p>\n","protected":false},"excerpt":{"rendered":"<p>\u00d6FW \u00d6ffentlichkeitsarbeit Fischer Wolfgang aus Wels bietet seit Jahren B\u00e4ckereien, Fleischereien und Apotheken in O\u00d6., Salzburg, Steiermark, N\u00d6., Wien, Burgenland und Bayern kostenlose Seitenfaltens\u00e4cke f\u00fcr den t\u00e4glichen Gebrauch an. Neben unserem offiziellen Kooperationspartner DEBRA Austria \u2013 Hilfe f\u00fcr Schmetterlingskinder werden nach Fertigstellung und Vermarktung der einzelnen B\u00e4cker- und Fleischersackerl sowie Apothekertaschen jeweils soziale Einrichtungen durch <a href=\"https:\/\/www.oefw.at\/index.php\/leistungen\/\" class=\"more-link\">...weiterlesen<span class=\"screen-reader-text\"> \"Leistungen\"<\/span><\/a><\/p>\n","protected":false},"author":1,"featured_media":0,"parent":0,"menu_order":0,"comment_status":"closed","ping_status":"closed","template":"","meta":{"footnotes":""},"_links":{"self":[{"href":"https:\/\/www.oefw.at\/index.php\/wp-json\/wp\/v2\/pages\/9"}],"collection":[{"href":"https:\/\/www.oefw.at\/index.php\/wp-json\/wp\/v2\/pages"}],"about":[{"href":"https:\/\/www.oefw.at\/index.php\/wp-json\/wp\/v2\/types\/page"}],"author":[{"embeddable":true,"href":"https:\/\/www.oefw.at\/index.php\/wp-json\/wp\/v2\/users\/1"}],"replies":[{"embeddable":true,"href":"https:\/\/www.oefw.at\/index.php\/wp-json\/wp\/v2\/comments?post=9"}],"version-history":[{"count":22,"href":"https:\/\/www.oefw.at\/index.php\/wp-json\/wp\/v2\/pages\/9\/revisions"}],"predecessor-version":[{"id":168,"href":"https:\/\/www.oefw.at\/index.php\/wp-json\/wp\/v2\/pages\/9\/revisions\/168"}],"wp:attachment":[{"href":"https:\/\/www.oefw.at\/index.php\/wp-json\/wp\/v2\/media?parent=9"}],"curies":[{"name":"wp","href":"https:\/\/api.w.org\/{rel}","templated":true}]}}