{"id":13,"date":"2016-03-24T14:17:09","date_gmt":"2016-03-24T13:17:09","guid":{"rendered":"http:\/\/www.oefw.at\/?page_id=13"},"modified":"2025-07-27T13:16:35","modified_gmt":"2025-07-27T11:16:35","slug":"unser-team","status":"publish","type":"page","link":"https:\/\/www.oefw.at\/index.php\/unser-team\/","title":{"rendered":"Unser Team"},"content":{"rendered":"<p><img loading=\"lazy\" decoding=\"async\" class=\"alignnone size-full wp-image-40\" src=\"https:\/\/www.oefw.at\/wp-content\/uploads\/2016\/04\/teamueberschrift.jpg\" alt=\"Team - Titielbild\" width=\"960\" height=\"80\"><\/p>\n<p>Wir stellen uns vor:<\/p>\n<p>&nbsp;<\/p>\n<table style=\"border-color: #ffffff; background-color: #ffffff;\" cellspacing=\"50\">\n<tbody>\n<tr>\n<td style=\"border-color: #ffffff; background-color: #ffffff;\"><img loading=\"lazy\" decoding=\"async\" class=\"alignnone size-full wp-image-106\" src=\"https:\/\/www.oefw.at\/wp-content\/uploads\/2016\/03\/markus.jpg\" alt=\"Foto Markus Jahn\" width=\"404\" height=\"500\" srcset=\"https:\/\/www.oefw.at\/wp-content\/uploads\/2016\/03\/markus.jpg 404w, https:\/\/www.oefw.at\/wp-content\/uploads\/2016\/03\/markus-242x300.jpg 242w\" sizes=\"(max-width: 404px) 100vw, 404px\" \/><\/p>\n<p><strong>Markus Jahn<\/strong><br \/>\nProjektleitung \u00d6sterreich, Niederbayern<\/p>\n<p>markus.jahn[AT]oefw.at<br \/>\n+43(0)677-61451920<\/td>\n<td style=\"border-color: #ffffff; background-color: #ffffff;\"><img loading=\"lazy\" decoding=\"async\" class=\"alignnone size-full wp-image-106\" src=\"https:\/\/www.oefw.at\/wp-content\/uploads\/2021\/03\/manuel.jpg\" alt=\"Foto Manuel Fischer\" width=\"404\" height=\"500\"><\/p>\n<p><strong>Manuel Fischer<\/strong><br \/>\nProjektleitung M\u00fcnchen, Oberbayern, Allg\u00e4u<\/p>\n<p>manuel.w.fischer[AT]gmail.com<br \/>\n+49(0)17661310777<\/td>\n<\/tr>\n<tr>\n<td style=\"border-color: #ffffff; background-color: #ffffff;\"><img loading=\"lazy\" decoding=\"async\" class=\"alignnone size-full wp-image-106\" src=\"https:\/\/www.oefw.at\/wp-content\/uploads\/2025\/07\/barbara.jpg\" alt=\"Foto Barbara Fischer\" width=\"404\" height=\"500\"><\/p>\n<p><strong>Barbara Fischer<\/strong><br \/>\nLeitung Office<\/p>\n<p>barbara.fischer[AT]oefw.at<br \/>\n<\/td>\n<td style=\"border-color: #ffffff; background-color: #ffffff;\"><img loading=\"lazy\" decoding=\"async\" class=\"alignnone size-full wp-image-106\" src=\"https:\/\/www.oefw.at\/wp-content\/uploads\/2017\/07\/alexander.jpg\" alt=\"Foto Alexander Salem\" width=\"404\" height=\"500\"><\/p>\n<p><strong>Alexander Salem<\/strong><br \/>\nProjektleitung Wien, N\u00d6. Ost, Burgenland, Steiermark Ost<\/p>\n<p>a.salem[AT]gmx.at<br \/>\n+43(0)699\/114 22 302<\/td>\n<\/tr>\n<tr>\n<td style=\"border-color: #ffffff; background-color: #ffffff;\"><img loading=\"lazy\" decoding=\"async\" class=\"alignnone size-full wp-image-107\" src=\"https:\/\/www.oefw.at\/wp-content\/uploads\/2016\/03\/walter.jpg\" alt=\"Foto Walter Fleischhacker\" width=\"404\" height=\"500\" srcset=\"https:\/\/www.oefw.at\/wp-content\/uploads\/2016\/03\/walter.jpg 404w, https:\/\/www.oefw.at\/wp-content\/uploads\/2016\/03\/walter-242x300.jpg 242w\" sizes=\"(max-width: 404px) 100vw, 404px\" \/><\/p>\n<p><strong>Walter Fleischhacker<\/strong><br \/>\nGrafik\/Datenaufbereitung<\/p>\n<p>ofice[AT]tonipolster.at<br \/>\n+43(0)650-6679900<\/td>\n<td style=\"border-color: #ffffff; background-color: #ffffff;\"><img loading=\"lazy\" decoding=\"async\" class=\"alignnone size-full wp-image-105\" src=\"https:\/\/www.oefw.at\/wp-content\/uploads\/2021\/08\/martina.jpg\" alt=\"Foto Martina Ahammer\" width=\"404\" height=\"500\"><\/p>\n<p><strong>Martina Ahammer<\/strong><br \/>\nLeitung Telefonmarketing<\/p>\n<p>sm.ahammer[AT]gmail.com<br \/>\n+43(0)699-10504220<\/td>\n<\/tr>\n<tr>\n<td style=\"border-color: #ffffff; background-color: #ffffff;\"><img loading=\"lazy\" decoding=\"async\" class=\"alignnone size-full wp-image-105\" src=\"https:\/\/www.oefw.at\/wp-content\/uploads\/2016\/03\/doris.jpg\" alt=\"Foto Doris Fischer\" width=\"404\" height=\"500\" srcset=\"https:\/\/www.oefw.at\/wp-content\/uploads\/2016\/03\/doris.jpg 404w, https:\/\/www.oefw.at\/wp-content\/uploads\/2016\/03\/doris-242x300.jpg 242w\" sizes=\"(max-width: 404px) 100vw, 404px\" \/><\/p>\n<p><strong>Doris Fischer<\/strong><br \/>\nBuchhaltung\/Rechnungswesen<\/p>\n<p>doris.fischer[AT]oefw.at<br \/>\n+43(0)664-1509277<\/td>\n<td style=\"border-color: #ffffff; background-color: #ffffff;\"><img loading=\"lazy\" decoding=\"async\" class=\"alignnone size-full wp-image-108\" src=\"https:\/\/www.oefw.at\/wp-content\/uploads\/2016\/03\/wolfgang.jpg\" alt=\"Foto Wolfgang Fischer\" width=\"404\" height=\"500\" srcset=\"https:\/\/www.oefw.at\/wp-content\/uploads\/2016\/03\/wolfgang.jpg 404w, https:\/\/www.oefw.at\/wp-content\/uploads\/2016\/03\/wolfgang-242x300.jpg 242w\" sizes=\"(max-width: 404px) 100vw, 404px\" \/><\/p>\n<p><strong>Wolfgang Fischer<\/strong><br \/>\nGesch\u00e4ftsleitung<\/p>\n<p>office[AT]oefw.at<br \/>\n+43(0)680-2163334<\/td>\n<\/tr>\n<\/tbody>\n<\/table>\n<p>&nbsp;<\/p>\n","protected":false},"excerpt":{"rendered":"<p>Wir stellen uns vor: &nbsp; Markus Jahn Projektleitung \u00d6sterreich, Niederbayern markus.jahn[AT]oefw.at +43(0)677-61451920 Manuel Fischer Projektleitung M\u00fcnchen, Oberbayern, Allg\u00e4u manuel.w.fischer[AT]gmail.com +49(0)17661310777 Barbara Fischer Leitung Office barbara.fischer[AT]oefw.at Alexander Salem Projektleitung Wien, N\u00d6. Ost, Burgenland, Steiermark Ost a.salem[AT]gmx.at +43(0)699\/114 22 302 Walter Fleischhacker Grafik\/Datenaufbereitung ofice[AT]tonipolster.at +43(0)650-6679900 Martina Ahammer Leitung Telefonmarketing sm.ahammer[AT]gmail.com +43(0)699-10504220 Doris Fischer Buchhaltung\/Rechnungswesen doris.fischer[AT]oefw.at +43(0)664-1509277 Wolfgang <a href=\"https:\/\/www.oefw.at\/index.php\/unser-team\/\" class=\"more-link\">...weiterlesen<span class=\"screen-reader-text\"> \"Unser Team\"<\/span><\/a><\/p>\n","protected":false},"author":1,"featured_media":0,"parent":0,"menu_order":0,"comment_status":"closed","ping_status":"closed","template":"","meta":{"footnotes":""},"_links":{"self":[{"href":"https:\/\/www.oefw.at\/index.php\/wp-json\/wp\/v2\/pages\/13"}],"collection":[{"href":"https:\/\/www.oefw.at\/index.php\/wp-json\/wp\/v2\/pages"}],"about":[{"href":"https:\/\/www.oefw.at\/index.php\/wp-json\/wp\/v2\/types\/page"}],"author":[{"embeddable":true,"href":"https:\/\/www.oefw.at\/index.php\/wp-json\/wp\/v2\/users\/1"}],"replies":[{"embeddable":true,"href":"https:\/\/www.oefw.at\/index.php\/wp-json\/wp\/v2\/comments?post=13"}],"version-history":[{"count":48,"href":"https:\/\/www.oefw.at\/index.php\/wp-json\/wp\/v2\/pages\/13\/revisions"}],"predecessor-version":[{"id":246,"href":"https:\/\/www.oefw.at\/index.php\/wp-json\/wp\/v2\/pages\/13\/revisions\/246"}],"wp:attachment":[{"href":"https:\/\/www.oefw.at\/index.php\/wp-json\/wp\/v2\/media?parent=13"}],"curies":[{"name":"wp","href":"https:\/\/api.w.org\/{rel}","templated":true}]}}