{"id":11,"date":"2016-03-24T14:16:46","date_gmt":"2016-03-24T13:16:46","guid":{"rendered":"http:\/\/www.oefw.at\/?page_id=11"},"modified":"2018-10-06T21:27:25","modified_gmt":"2018-10-06T19:27:25","slug":"referenzen","status":"publish","type":"page","link":"https:\/\/www.oefw.at\/index.php\/referenzen\/","title":{"rendered":"Referenzen"},"content":{"rendered":"<p><img loading=\"lazy\" decoding=\"async\" class=\"alignnone size-full wp-image-39\" src=\"https:\/\/www.oefw.at\/wp-content\/uploads\/2016\/04\/referenzenueberschrift.jpg\" alt=\"Referenzen - Titelbild\" width=\"960\" height=\"80\" \/><\/p>\n<p>Ein Auszug unserer Partner:<\/p>\n<table style=\"border-color: #ffffff; background-color: #ffffff;\" border=\"0 px\">\n<tbody>\n<tr style=\"border-color: #ffffff; background-color: #ffffff;\">\n<td style=\"border-width: 0px;\"><a href=\"http:\/\/www.baeckerei-bramel.at\/\" target=\"_blank\" rel=\"noopener\">B\u00e4ckerei Bramel<\/a><\/p>\n<p><a href=\"http:\/\/www.fleischerei-gassner.at\/\" target=\"_blank\" rel=\"noopener\">Fleischerei Gassner<\/a><\/p>\n<p><a href=\"http:\/\/www.die-baeckerei.at\" target=\"_blank\" rel=\"noopener\">Die B\u00e4ckerei<\/a><\/p>\n<p><a href=\"http:\/\/www.baeckereiweninger.at\" target=\"_blank\" rel=\"noopener\">B\u00e4ckerei Weninger<\/a><\/p>\n<p><a href=\"http:\/\/www.baders-backstube.at\" target=\"_blank\" rel=\"noopener\">Baders Backstube<\/a><\/p>\n<p><a href=\"http:\/\/www.baeckereipenzenstadler.at\" target=\"_blank\" rel=\"noopener\">B\u00e4ckerei Penzenstadler<\/a><\/p>\n<p><a href=\"http:\/\/www.aichberger.baecker.at\" target=\"_blank\" rel=\"noopener\">Aichberger B\u00e4cker<\/a><\/p>\n<p><a href=\"http:\/\/www.muehlenbrot.at\" target=\"_blank\" rel=\"noopener\">M\u00fchlenbrot<\/a><\/p>\n<p><a href=\"http:\/\/www.rohringers-feinstes.at\" target=\"_blank\" rel=\"noopener\">Rohringers Feinstes<\/a><\/p>\n<p><a href=\"http:\/\/www.baecker-luger.at\" target=\"_blank\" rel=\"noopener\">B\u00e4cker Luger<\/a><\/p>\n<p><a href=\"http:\/\/www.danecker.at\" target=\"_blank\" rel=\"noopener\">Danecker<\/a><\/p>\n<p><a href=\"http:\/\/www.baecker-steiner.at\" target=\"_blank\" rel=\"noopener\">B\u00e4cker Steiner<\/a><\/p>\n<p><a href=\"http:\/\/www.fleischhauereizauner.com\" target=\"_blank\" rel=\"noopener\">Fleischhauerei Zauner<\/a><\/p>\n<p><a href=\"http:\/\/www.moser-metzger.at\" target=\"_blank\" rel=\"noopener\">Moser Metzger<\/a><\/p>\n<p><a href=\"http:\/\/www.hofwirt-grabner.at\" target=\"_blank\" rel=\"noopener\">Hofwirt Grabner<\/a><\/p>\n<p><a href=\"http:\/\/www.partyflitzer.at\" target=\"_blank\" rel=\"noopener\">Partyflitzer.at<\/a><\/p>\n<p><a href=\"http:\/\/www.baeckerei-schiller.at\" target=\"_blank\" rel=\"noopener\">B\u00e4ckerei Schiller<\/a><\/p>\n<p><a href=\"http:\/\/www.nagl-metzgerei.at\" target=\"_blank\" rel=\"noopener\">Nagl Metzgerei<\/a><\/p>\n<p><a href=\"http:\/\/www.fleischerei-fuerst.at\" target=\"_blank\" rel=\"noopener\">Fleischerei F\u00fcrst<\/a><\/p>\n<p><a href=\"http:\/\/www.fleischerei-derntl.at\" target=\"_blank\" rel=\"noopener\">Fleischerei Derntl<\/a><\/p>\n<p><a href=\"http:\/\/www.strasser-catering.at\" target=\"_blank\" rel=\"noopener\">Strasser Catering<\/a><\/p>\n<p><a href=\"http:\/\/www.fleischereiweiss.at\" target=\"_blank\" rel=\"noopener\">Fleischer Weiss<\/a><\/p>\n<p><a href=\"http:\/\/www.pani.baecker.at\" target=\"_blank\" rel=\"noopener\">B\u00e4ckerei Pani<\/a><\/p>\n<p><a href=\"http:\/\/www.baeckerei-schmid.at\" target=\"_blank\" rel=\"noopener\">B\u00e4ckerei Schmid<\/a><\/p>\n<p><a href=\"http:\/\/www.muehlviertler-speckstueberl.at\" target=\"_blank\" rel=\"noopener\">M\u00fchlviertler Speckst\u00fcberl<\/a><\/p>\n<p><a href=\"http:\/\/www.kaemmerer.cc\" target=\"_blank\" rel=\"noopener\">B\u00e4ckerei, Cafe und Nah &amp; Frisch - Kaufhaus K\u00e4mmerer<\/a><\/p>\n<p><a href=\"http:\/\/www.baeckerei-zirngast.at\" target=\"_blank\" rel=\"noopener\">B\u00e4ckerei Zirngast<\/a><\/p>\n<p><a href=\"http:\/\/www.baeckerei-mayer.at\" target=\"_blank\" rel=\"noopener\">B\u00e4ckerei Mayer<\/a><\/p>\n<p><a href=\"http:\/\/www.landhand-baeckerei.at\" target=\"_blank\" rel=\"noopener\">B\u00e4ckerei Landhand<\/a><\/p>\n<p><a href=\"http:\/\/www.badinger-roitham.at\" target=\"_blank\" rel=\"noopener\">Fleischerei Badinger<\/a><\/td>\n<td style=\"background-color: #ffffff; border-width: 0px;\"><a href=\"http:\/\/www.almtalwurst.at\" target=\"_blank\" rel=\"noopener\">Almtalwurst<\/a><\/p>\n<p><a href=\"http:\/\/www.time-apotheke.at\" target=\"_blank\" rel=\"noopener\">Time Apotheke<\/a><\/p>\n<p><a href=\"http:\/\/www.schutzengel.co.at\" target=\"_blank\" rel=\"noopener\">Apotheke Schutzengel<\/a><\/p>\n<p><a href=\"http:\/\/www.apotheke-haid.at\" target=\"_blank\" rel=\"noopener\">Apotheke Haid<\/a><\/p>\n<p><a href=\"http:\/\/www.baeckerei-eichler.at\" target=\"_blank\" rel=\"noopener\">B\u00e4ckerei Eichler<\/a><\/p>\n<p><a href=\"http:\/\/www.koelblinger.com\" target=\"_blank\" rel=\"noopener\">Fleischerei K\u00f6lblinger<\/a><\/p>\n<p><a href=\"http:\/\/www.fleischhauerei-kinast.at\" target=\"_blank\" rel=\"noopener\">Fleischhauerei Kinast<\/a><\/p>\n<p><a href=\"http:\/\/www.baeckerei-necker.at\" target=\"_blank\" rel=\"noopener\">B\u00e4ckerei Necker<\/a><\/p>\n<p><a href=\"http:\/\/www.ederbrot.at\" target=\"_blank\" rel=\"noopener\">B\u00e4ckerei Eder<\/a><\/p>\n<p><a href=\"http:\/\/www.straussbrot.at\" target=\"_blank\" rel=\"noopener\">B\u00e4ckerei Strauss<\/a><\/p>\n<p><a href=\"http:\/\/www.vasold-baecker.at\" target=\"_blank\" rel=\"noopener\">B\u00e4ckerei Vasold<\/a><\/p>\n<p><a href=\"http:\/\/www.baeckerei-steinglaeubl.at\" target=\"_blank\" rel=\"noopener\">B\u00e4ckerei Steingl\u00e4ubl<\/a><\/p>\n<p><a href=\"http:\/\/www.baeckerei-steiner.at\" target=\"_blank\" rel=\"noopener\">B\u00e4ckerei Steiner<\/a><\/p>\n<p><a href=\"http:\/\/www.konditorei-stoiber.at\" target=\"_blank\" rel=\"noopener\">Konditorei Stoiber<\/a><\/p>\n<p><a href=\"http:\/\/www.landhand-baeckerei.at\" target=\"_blank\" rel=\"noopener\">B\u00e4ckerei Bauer<\/a><\/p>\n<p><a href=\"http:\/\/www.baeckerei-zimmer.at\" target=\"_blank\" rel=\"noopener\">B\u00e4ckerei Zimmer<\/a><\/p>\n<p><a href=\"http:\/\/www.seifried-back.at\" target=\"_blank\" rel=\"noopener\">B\u00e4ckerei Seifried<\/a><\/p>\n<p><a href=\"http:\/\/www.baeckerei-mayer.at\" target=\"_blank\" rel=\"noopener\">B\u00e4ckerei Mayer<\/a><\/p>\n<p><a href=\"http:\/\/www.mistlbacher.com\" target=\"_blank\" rel=\"noopener\">B\u00e4ckerei Mistlbacher<\/a><\/p>\n<p><a href=\"http:\/\/www.metzgerei-graf.at\" target=\"_blank\" rel=\"noopener\">Metzgerei Graf<\/a><\/p>\n<p><a href=\"http:\/\/www.fleischerei-stadler.at\" target=\"_blank\" rel=\"noopener\">B\u00e4ckerei Fleischerei Stadler<\/a><\/p>\n<p><a href=\"http:\/\/www.baeckerei-scheck.at\" target=\"_blank\" rel=\"noopener\">B\u00e4ckerei Scheck<\/a><\/p>\n<p><a href=\"http:\/\/www.baeckerei-andexlinger.at\" target=\"_blank\" rel=\"noopener\">B\u00e4ckerei Andexlinger<\/a><\/p>\n<p><a href=\"http:\/\/www.konditorei-betz.at\" target=\"_blank\" rel=\"noopener\">Konditorei Betz<\/a><\/p>\n<p><a href=\"http:\/\/www.dormayer.at\" target=\"_blank\" rel=\"noopener\">Fleischerei Dormayer<\/a><\/p>\n<p><a href=\"http:\/\/www.huber-baeckerei.at\" target=\"_blank\" rel=\"noopener\">B\u00e4ckerei Huber<\/a><\/p>\n<p><a href=\"http:\/\/www.kerschbaummayr.at\" target=\"_blank\" rel=\"noopener\">B\u00e4ckerei, Cafe und Gasthaus Kerschbaummayr<\/a><\/p>\n<p><a href=\"http:\/\/www.lieasenhof.at\" target=\"_blank\" rel=\"noopener\">B\u00e4ckerei und Jausenstation Lieasenhof<\/a><\/p>\n<p><a href=\"http:\/\/www.baeckereimenzl-niederleis.at\" target=\"_blank\" rel=\"noopener\">B\u00e4ckerei &amp; Konditorei Menzl<\/a><\/p>\n<p><a href=\"http:\/\/www.neuhauser-baecker.at\" target=\"_blank\" rel=\"noopener\">B\u00e4ckerei Neuhauser<\/a><\/td>\n<\/tr>\n<\/tbody>\n<\/table>\n","protected":false},"excerpt":{"rendered":"<p>Ein Auszug unserer Partner: B\u00e4ckerei Bramel Fleischerei Gassner Die B\u00e4ckerei B\u00e4ckerei Weninger Baders Backstube B\u00e4ckerei Penzenstadler Aichberger B\u00e4cker M\u00fchlenbrot Rohringers Feinstes B\u00e4cker Luger Danecker B\u00e4cker Steiner Fleischhauerei Zauner Moser Metzger Hofwirt Grabner Partyflitzer.at B\u00e4ckerei Schiller Nagl Metzgerei Fleischerei F\u00fcrst Fleischerei Derntl Strasser Catering Fleischer Weiss B\u00e4ckerei Pani B\u00e4ckerei Schmid M\u00fchlviertler Speckst\u00fcberl B\u00e4ckerei, Cafe und Nah <a href=\"https:\/\/www.oefw.at\/index.php\/referenzen\/\" class=\"more-link\">...weiterlesen<span class=\"screen-reader-text\"> \"Referenzen\"<\/span><\/a><\/p>\n","protected":false},"author":1,"featured_media":0,"parent":0,"menu_order":0,"comment_status":"closed","ping_status":"closed","template":"","meta":{"footnotes":""},"_links":{"self":[{"href":"https:\/\/www.oefw.at\/index.php\/wp-json\/wp\/v2\/pages\/11"}],"collection":[{"href":"https:\/\/www.oefw.at\/index.php\/wp-json\/wp\/v2\/pages"}],"about":[{"href":"https:\/\/www.oefw.at\/index.php\/wp-json\/wp\/v2\/types\/page"}],"author":[{"embeddable":true,"href":"https:\/\/www.oefw.at\/index.php\/wp-json\/wp\/v2\/users\/1"}],"replies":[{"embeddable":true,"href":"https:\/\/www.oefw.at\/index.php\/wp-json\/wp\/v2\/comments?post=11"}],"version-history":[{"count":35,"href":"https:\/\/www.oefw.at\/index.php\/wp-json\/wp\/v2\/pages\/11\/revisions"}],"predecessor-version":[{"id":189,"href":"https:\/\/www.oefw.at\/index.php\/wp-json\/wp\/v2\/pages\/11\/revisions\/189"}],"wp:attachment":[{"href":"https:\/\/www.oefw.at\/index.php\/wp-json\/wp\/v2\/media?parent=11"}],"curies":[{"name":"wp","href":"https:\/\/api.w.org\/{rel}","templated":true}]}}